{"id":64,"date":"2019-12-27T22:08:41","date_gmt":"2019-12-27T22:08:41","guid":{"rendered":"https:\/\/www.hohlwegtrapper.de\/?page_id=64"},"modified":"2019-12-27T22:08:41","modified_gmt":"2019-12-27T22:08:41","slug":"links","status":"publish","type":"page","link":"https:\/\/www.hohlwegtrapper.de\/index.php\/links\/","title":{"rendered":"Links"},"content":{"rendered":"\n<p><a rel=\"noreferrer noopener\" href=\"http:\/\/www.alb-donau-region.de\" target=\"_blank\">ADR \u2013 Narren der Alb-Donau-Region<\/a><\/p>\n\n\n\n<h3 class=\"wp-block-heading\">Narrenz\u00fcnfte<\/h3>\n\n\n\n<p><a rel=\"noreferrer noopener\" href=\"http:\/\/www.nz-ascherhoga.de\" target=\"_blank\">Ascher Hoga<\/a><br><a rel=\"noreferrer noopener\" href=\"http:\/\/www.boggaraule.de\" target=\"_blank\">Boggaraule Unterweiler<\/a><br><a rel=\"noreferrer noopener\" href=\"http:\/\/www.borgerhau-hexa.de\" target=\"_blank\">Borgerhau-Hexa Wippingen<\/a><br><a rel=\"noreferrer noopener\" href=\"http:\/\/www.brauchtumsverein-waeschenbeuren.de\" target=\"_blank\">Brauchtumsverein W\u00e4schenbeuren<\/a><br><a rel=\"noreferrer noopener\" href=\"http:\/\/www.nz-schmiechen.de\" target=\"_blank\">Burra Hexen Schmiechen<\/a><br><a rel=\"noreferrer noopener\" href=\"http:\/\/www.buergeles-hexa.de\" target=\"_blank\">B\u00fcrgeles-Hexa Kirchen<\/a><br><a rel=\"noreferrer noopener\" href=\"http:\/\/www.daerles-baerbla-oberelchingen.de\" target=\"_blank\">D\u00e4rles B\u00e4rbla Oberelchingen<\/a><br><a rel=\"noreferrer noopener\" href=\"http:\/\/www.mz-egginger-ecko.de\" target=\"_blank\">Egginger Ecko<\/a><br><a rel=\"noreferrer noopener\" href=\"http:\/\/www.egginger-esel.de\" target=\"_blank\">Egginger Esel<\/a><br><a rel=\"noreferrer noopener\" href=\"http:\/\/www.nz-feuerteufel.de\" target=\"_blank\">Feuerteufel Gerhausen<\/a><br><a rel=\"noreferrer noopener\" href=\"http:\/\/www.snz.de\" target=\"_blank\">H\u00e4fele Hoi Schelklingen<\/a><br><a rel=\"noreferrer noopener\" href=\"http:\/\/www.kuhschwanzhexen.de\" target=\"_blank\">Herrlinger Kuhschwanzhexen<\/a><br><a rel=\"noreferrer noopener\" href=\"http:\/\/www.holzstoeckler.de\" target=\"_blank\">d&#8217;Holzst\u00f6ckler Staig<\/a><br><a rel=\"noreferrer noopener\" href=\"http:\/\/www.hungerberghexen.de\" target=\"_blank\">Hungerberg Hexen M\u00fcnsingen<\/a><br><a rel=\"noreferrer noopener\" href=\"http:\/\/www.igf-westerheim.de\" target=\"_blank\">IGF-Westerheim<\/a><br><a rel=\"noreferrer noopener\" href=\"http:\/\/www.katzastrecker-blaustein.de\/\" target=\"_blank\">Katzastrecker Blaustein\u00a0<\/a><br><a rel=\"noreferrer noopener\" href=\"http:\/\/www.lachatrapper.de\" target=\"_blank\">Lachatrapper Dornstadt<\/a><br><a rel=\"noreferrer noopener\" href=\"http:\/\/www.narrenzunft-erbach-donau.de\" target=\"_blank\">Narrenzunft Erbach<\/a><br><a rel=\"noreferrer noopener\" href=\"http:\/\/www.kleiekotzer.de\" target=\"_blank\">Narrenzunft Stetten<\/a><br><a rel=\"noreferrer noopener\" href=\"http:\/\/www.rauhried-weibla.com\" target=\"_blank\">Rauhried-Weibla Ersingen<\/a><br><a rel=\"noreferrer noopener\" href=\"http:\/\/www.schelklinger-waldhutzla.de\" target=\"_blank\">Schelklinger Waldhutzla<\/a><br><a rel=\"noreferrer noopener\" href=\"http:\/\/www.ulmer-bettlhexa.de\" target=\"_blank\">Ulmer Bettlhexa<\/a><br><a rel=\"noreferrer noopener\" href=\"http:\/\/www.wassergeister.de\" target=\"_blank\">Wassergeister Ersingen<\/a><br><a rel=\"noreferrer noopener\" href=\"http:\/\/www.wallental-hexen.de\" target=\"_blank\">Wallental Hexen \u00d6pfingen<\/a><br><a rel=\"noreferrer noopener\" href=\"http:\/\/www.weitfeldhexa.de\" target=\"_blank\">Weitfeldhexa Thalfingen<\/a><br><a rel=\"noreferrer noopener\" href=\"http:\/\/zigeunergruppe-allmendingen.de\" target=\"_blank\">Zigeunergruppe Allmendingen<\/a><\/p>\n\n\n\n<h3 class=\"wp-block-heading\">Partner<\/h3>\n\n\n\n<p><a href=\"http:\/\/www.roessle-ermingen.de\" target=\"_blank\" rel=\"noreferrer noopener\">Hotel Gasthof R\u00f6ssle Ermingen<br><\/a>&nbsp;<\/p>\n","protected":false},"excerpt":{"rendered":"<p>ADR \u2013 Narren der Alb-Donau-Region Narrenz\u00fcnfte Ascher HogaBoggaraule UnterweilerBorgerhau-Hexa WippingenBrauchtumsverein W\u00e4schenbeurenBurra Hexen SchmiechenB\u00fcrgeles-Hexa KirchenD\u00e4rles B\u00e4rbla OberelchingenEgginger EckoEgginger EselFeuerteufel GerhausenH\u00e4fele Hoi SchelklingenHerrlinger Kuhschwanzhexend&#8217;Holzst\u00f6ckler StaigHungerberg Hexen M\u00fcnsingenIGF-WesterheimKatzastrecker Blaustein\u00a0Lachatrapper DornstadtNarrenzunft ErbachNarrenzunft StettenRauhried-Weibla ErsingenSchelklinger WaldhutzlaUlmer BettlhexaWassergeister ErsingenWallental Hexen \u00d6pfingenWeitfeldhexa ThalfingenZigeunergruppe Allmendingen Partner Hotel Gasthof R\u00f6ssle Ermingen&nbsp;<\/p>\n","protected":false},"author":3,"featured_media":0,"parent":0,"menu_order":0,"comment_status":"closed","ping_status":"closed","template":"","meta":{"footnotes":""},"_links":{"self":[{"href":"https:\/\/www.hohlwegtrapper.de\/index.php\/wp-json\/wp\/v2\/pages\/64"}],"collection":[{"href":"https:\/\/www.hohlwegtrapper.de\/index.php\/wp-json\/wp\/v2\/pages"}],"about":[{"href":"https:\/\/www.hohlwegtrapper.de\/index.php\/wp-json\/wp\/v2\/types\/page"}],"author":[{"embeddable":true,"href":"https:\/\/www.hohlwegtrapper.de\/index.php\/wp-json\/wp\/v2\/users\/3"}],"replies":[{"embeddable":true,"href":"https:\/\/www.hohlwegtrapper.de\/index.php\/wp-json\/wp\/v2\/comments?post=64"}],"version-history":[{"count":0,"href":"https:\/\/www.hohlwegtrapper.de\/index.php\/wp-json\/wp\/v2\/pages\/64\/revisions"}],"wp:attachment":[{"href":"https:\/\/www.hohlwegtrapper.de\/index.php\/wp-json\/wp\/v2\/media?parent=64"}],"curies":[{"name":"wp","href":"https:\/\/api.w.org\/{rel}","templated":true}]}}