{"id":229,"date":"2019-12-15T20:34:22","date_gmt":"2019-12-15T20:34:22","guid":{"rendered":"https:\/\/www.hohlwegtrapper.de\/?page_id=6"},"modified":"2020-01-05T07:53:59","modified_gmt":"2020-01-05T07:53:59","slug":"hohlweghas","status":"publish","type":"page","link":"https:\/\/www.hohlwegtrapper.de\/index.php\/hohlweghas\/","title":{"rendered":"Hohlweg &#038; H\u00e4s"},"content":{"rendered":"\n<div class=\"wp-block-group alignwide\"><div class=\"wp-block-group__inner-container is-layout-flow wp-block-group-is-layout-flow\">\n<h2 class=\"wp-block-heading\">Die Bauern und der Hohlweg<\/h2>\n\n\n\n<p>Der Erminger Hohlweg war \u00fcber viele Jahrzehnte eine Stra\u00dfen- und Wegeverbindung zwischen Ermingen und Allewind. Der Hohlweg \u2013 tief eingeschnitten in die Topographie zwischen den Fluren Greuth und Hochstr\u00e4\u00df \u2013 war nicht nur die relativ bergige, urspr\u00fcnglich steinige und staubige Wegeverbindung zwischen den Menschen des Dorfes und deren Anwesen, sondern eben auch der t\u00e4gliche oft beschwerliche Weg von Bauer und B\u00e4uerin, unverzichtbarer Bestandteil der Erminger Dorfgemeinschaft, welche deshalb auch die bei uns dargestellten Figuren sind.<\/p>\n<\/div><\/div>\n\n\n\n<div class=\"wp-block-button aligncenter\"><a class=\"wp-block-button__link has-background has-bright-blue-background-color\" href=\"https:\/\/www.hohlwegtrapper.de\/index.php\/unser-haes\/\">H\u00e4s DER Hohlwegtrapper<\/a><\/div>\n\n\n\n<p><\/p>\n","protected":false},"excerpt":{"rendered":"<p>Die Bauern und der Hohlweg Der Erminger Hohlweg war \u00fcber viele Jahrzehnte eine Stra\u00dfen- und Wegeverbindung zwischen Ermingen und Allewind. Der Hohlweg \u2013 tief eingeschnitten in die Topographie zwischen den Fluren Greuth und Hochstr\u00e4\u00df \u2013 war nicht nur die relativ bergige, urspr\u00fcnglich steinige und staubige Wegeverbindung zwischen den Menschen des Dorfes und deren Anwesen, sondern &hellip; <a href=\"https:\/\/www.hohlwegtrapper.de\/index.php\/hohlweghas\/\" class=\"more-link\"><span class=\"screen-reader-text\">\u201eHohlweg &#038; H\u00e4s\u201c<\/span> weiterlesen<\/a><\/p>\n","protected":false},"author":3,"featured_media":287,"parent":0,"menu_order":0,"comment_status":"closed","ping_status":"closed","template":"","meta":{"footnotes":""},"_links":{"self":[{"href":"https:\/\/www.hohlwegtrapper.de\/index.php\/wp-json\/wp\/v2\/pages\/229"}],"collection":[{"href":"https:\/\/www.hohlwegtrapper.de\/index.php\/wp-json\/wp\/v2\/pages"}],"about":[{"href":"https:\/\/www.hohlwegtrapper.de\/index.php\/wp-json\/wp\/v2\/types\/page"}],"author":[{"embeddable":true,"href":"https:\/\/www.hohlwegtrapper.de\/index.php\/wp-json\/wp\/v2\/users\/3"}],"replies":[{"embeddable":true,"href":"https:\/\/www.hohlwegtrapper.de\/index.php\/wp-json\/wp\/v2\/comments?post=229"}],"version-history":[{"count":1,"href":"https:\/\/www.hohlwegtrapper.de\/index.php\/wp-json\/wp\/v2\/pages\/229\/revisions"}],"predecessor-version":[{"id":261,"href":"https:\/\/www.hohlwegtrapper.de\/index.php\/wp-json\/wp\/v2\/pages\/229\/revisions\/261"}],"wp:featuredmedia":[{"embeddable":true,"href":"https:\/\/www.hohlwegtrapper.de\/index.php\/wp-json\/wp\/v2\/media\/287"}],"wp:attachment":[{"href":"https:\/\/www.hohlwegtrapper.de\/index.php\/wp-json\/wp\/v2\/media?parent=229"}],"curies":[{"name":"wp","href":"https:\/\/api.w.org\/{rel}","templated":true}]}}